{"id":2522,"date":"2025-05-15T11:41:35","date_gmt":"2025-05-15T11:41:35","guid":{"rendered":"https:\/\/feyn.berlin\/organic-bean-to-bar-manufactory-from-berlin\/"},"modified":"2026-05-14T14:03:01","modified_gmt":"2026-05-14T14:03:01","slug":"organic-bean-to-bar-manufactory-from-berlin","status":"publish","type":"page","link":"https:\/\/feyn.berlin\/en\/","title":{"rendered":"Organic Bean-to-Bar Manufactory from Berlin"},"content":{"rendered":"<div class=\"et_pb_section_0 et_pb_section et_section_regular et_block_section\">\n<div class=\"et_pb_row_0 et_pb_row et-vb-row--no-module et_block_row\">\n<div class=\"et_pb_column_0 et_pb_column et_pb_column_4_4 et-last-child et_block_column et_pb_column_empty et_pb_css_mix_blend_mode_passthrough\"><\/div>\n<\/div>\n<\/div>\n\n<div class=\"et_pb_section_1 et_pb_section et_section_regular et_block_section\">\n<div class=\"et_pb_row_1 et_pb_row et_block_row\">\n<div class=\"et_pb_column_1 et_pb_column et_pb_column_1_2 et_block_column et_pb_css_mix_blend_mode_passthrough\">\n<div class=\"et_pb_image_0 et_pb_image et_pb_module et_block_module\"><span class=\"et_pb_image_wrap\"><img loading=\"lazy\" decoding=\"async\" src=\"https:\/\/feyn.berlin\/wp-content\/uploads\/2025\/05\/feyn_bean2barschokoladen_welcomebear_2.jpg\" width=\"1946\" height=\"2560\" srcset=\"https:\/\/feyn.berlin\/wp-content\/uploads\/2025\/05\/feyn_bean2barschokoladen_welcomebear_2.jpg 1946w, https:\/\/feyn.berlin\/wp-content\/uploads\/2025\/05\/feyn_bean2barschokoladen_welcomebear_2-1280x1684.jpg 1280w, https:\/\/feyn.berlin\/wp-content\/uploads\/2025\/05\/feyn_bean2barschokoladen_welcomebear_2-980x1289.jpg 980w, https:\/\/feyn.berlin\/wp-content\/uploads\/2025\/05\/feyn_bean2barschokoladen_welcomebear_2-480x631.jpg 480w\" sizes=\"(min-width: 0px) and (max-width: 480px) 480px, (min-width: 481px) and (max-width: 980px) 980px, (min-width: 981px) and (max-width: 1280px) 1280px, (min-width: 1281px) 1946px, 100vw\" class=\"wp-image-668\" title=\"feyn Schokoladen Bear\" alt=\"feyn Schokoladen Bear\" \/><\/span><\/div>\n<\/div>\n\n<div class=\"et_pb_column_2 et_pb_column et_pb_column_1_2 et-last-child et_block_column et_pb_css_mix_blend_mode_passthrough\">\n<div class=\"et_pb_text_0 et_pb_text et_pb_bg_layout_light et_pb_module et_block_module preset--module--divi-text--6a0446d06e671\"><div class=\"et_pb_text_inner\"><h1>Have a feyn moment.<\/h1>\n<p><span><br \/>In our chocolate manufactory in Berlin, we create exquisite chocolates in small artisanal batches, from bean to bar. We use exclusively organic ingredients. Each of our chocolates embodies the unique flavor of the terroir in which the cocoa beans were grown.  <\/span><\/p>\n<p><img loading=\"lazy\" decoding=\"async\" src=\"https:\/\/feyn.berlin\/wp-content\/uploads\/2026\/05\/International-Chocolate-Awards-Winner-2026-feyn-Schokoladen-277x300.webp\" width=\"134\" height=\"145\" alt=\"Official Seal: feyn Schokoladen is a winner at the International Chocolate Award 2026.\" class=\"wp-image-2390 size-medium\" title=\"\">          <img decoding=\"async\" src=\"https:\/\/feyn.berlin\/wp-content\/uploads\/2026\/05\/made-in-berlin-Schokolade.svg\" height=\"145\" alt=\"\" class=\"wp-image-2427 alignnone size-medium\" title=\"\"><\/p>\n<\/div><\/div>\n<\/div>\n<\/div>\n\n<div class=\"et_pb_row_2 et_pb_row et_block_row\">\n<div class=\"et_pb_column_3 et_pb_column et_pb_column_4_4 et-last-child et_block_column et_pb_css_mix_blend_mode_passthrough\">\n<div class=\"et_pb_module et_pb_button_module_wrapper et_pb_button_0_wrapper\"><a class=\"et_pb_button_0 et_pb_button et_pb_bg_layout_light et_pb_module et_block_module\" href=\"https:\/\/feyn.berlin\/en\/shop\/\">TO THE SHOP<\/a><\/div>\n\n<div class=\"et_pb_slider_0 et_pb_slider et_pb_slider_fullwidth_off et_slider_auto et_slider_auto_ignore_hover et_pb_slider_show_image et_slider_speed_8000 et_animated et_pb_module et_block_module\"><div class=\"et_pb_slides\">\n<div class=\"et_pb_slide_0 et_pb_slide et_pb_slide_with_image et_pb_media_alignment_center et_pb_bg_layout_dark et_pb_text_align_center\" data-slide-id=\"divi\/slide-0\"><div class=\"et_pb_container\"><div class=\"et_pb_slider_container_inner\"><div class=\"et_pb_slide_image\"><img loading=\"lazy\" decoding=\"async\" src=\"https:\/\/feyn.berlin\/wp-content\/uploads\/2026\/04\/feyn_bean2barschokoladen_68madagaskar_sliderhome.webp\" width=\"580\" height=\"730\" srcset=\"https:\/\/feyn.berlin\/wp-content\/uploads\/2026\/04\/feyn_bean2barschokoladen_68madagaskar_sliderhome.webp 580w\" sizes=\"(max-width: 580px) 100vw, 580px\" class=\"wp-image-2349 wp-image-276\" alt=\"feyn Zartbitterschokolade 68% Madagaskar \u2013 Bio-Schokolade handgemacht in Berlin\" title=\"\"><\/div><div class=\"et_pb_slide_description\"><h2 class=\"et_pb_slide_title\"><a href=\"https:\/\/feyn.berlin\/en\/shop\/\" target=\"\" class=\"et_pb_slide_title_link\">Berlin Souvenir<\/a><\/h2><div class=\"et_pb_slide_content\"><p>Give a piece of Berlin! Our chocolates featuring the Berlin Bear motif are the perfect souvenir for anyone wishing to take something special home from the capital. <\/p>\n<\/div><\/div><\/div><\/div><\/div>\n\n<div class=\"et_pb_slide_1 et_pb_slide et_pb_slide_with_image et_pb_media_alignment_center et_pb_bg_layout_dark et_pb_text_align_center\" data-slide-id=\"divi\/slide-1\"><div class=\"et_pb_container\"><div class=\"et_pb_slider_container_inner\"><div class=\"et_pb_slide_image\"><img loading=\"lazy\" decoding=\"async\" src=\"https:\/\/feyn.berlin\/wp-content\/uploads\/2026\/04\/geschenk_sliderhome.webp\" width=\"1142\" height=\"820\" srcset=\"https:\/\/feyn.berlin\/wp-content\/uploads\/2026\/04\/geschenk_sliderhome.webp 1142w\" sizes=\"(max-width: 1142px) 100vw, 1142px\" class=\"wp-image-2352\" alt=\"Gourmet Bio-Schokolade als Geschenk\" title=\"\"><\/div><div class=\"et_pb_slide_description\"><h2 class=\"et_pb_slide_title\"><a href=\"https:\/\/feyn.berlin\/en\/shop\/\" target=\"\" class=\"et_pb_slide_title_link\">Personalized Gift<\/a><\/h2><div class=\"et_pb_slide_content\"><p>A sweet gift with a personal touch \u2013 chocolate and a personalized greeting card for the special people in your life.<\/p>\n<\/div><\/div><\/div><\/div><\/div>\n\n<div class=\"et_pb_slide_2 et_pb_slide et_pb_slide_with_image et_pb_media_alignment_center et_pb_bg_layout_dark et_pb_text_align_center\" data-slide-id=\"divi\/slide-2\"><div class=\"et_pb_container\"><div class=\"et_pb_slider_container_inner\"><div class=\"et_pb_slide_image\"><img loading=\"lazy\" decoding=\"async\" src=\"https:\/\/feyn.berlin\/wp-content\/uploads\/2026\/04\/feyn_bean2barschokoladen_72ecuador_sauerkirsche_sliderhome.webp\" width=\"580\" height=\"730\" srcset=\"https:\/\/feyn.berlin\/wp-content\/uploads\/2026\/04\/feyn_bean2barschokoladen_72ecuador_sauerkirsche_sliderhome.webp 580w, https:\/\/feyn.berlin\/wp-content\/uploads\/2026\/04\/feyn_bean2barschokoladen_72ecuador_sauerkirsche_sliderhome-480x604.webp 480w\" sizes=\"(min-width: 0px) and (max-width: 480px) 480px, (min-width: 481px) 580px, 100vw\" class=\"wp-image-2348\" alt=\"feyn Zartbitterschokolade 72% Ecuador mit Sauerkirschen \u2013 Bio-Schokolade handgemacht in Berlin\" title=\"\"><\/div><div class=\"et_pb_slide_description\"><h2 class=\"et_pb_slide_title\"><a href=\"https:\/\/feyn.berlin\/en\/shop\/\" target=\"\" class=\"et_pb_slide_title_link\">feynest enjoyment \u2013 piece by piece<\/a><\/h2><div class=\"et_pb_slide_content\"><p>For true chocolate lovers \u2013 our handcrafted bars made from carefully processed cocoa beans offer an incomparable taste experience.<\/p>\n<\/div><\/div><\/div><\/div><\/div>\n<\/div><\/div>\n<\/div>\n<\/div>\n\n<div class=\"et_pb_row_3 et_pb_row et_block_row\">\n<div class=\"et_pb_column_4 et_pb_column et_pb_column_3_5 et_block_column et_pb_css_mix_blend_mode_passthrough\">\n<div class=\"et_pb_text_1 et_pb_text et_pb_bg_layout_light et_pb_module et_block_module preset--module--divi-text--6a0446d06e671\"><div class=\"et_pb_text_inner\"><h2>Chocolate Manufactory Berlin<\/h2>\n<\/div><\/div>\n<\/div>\n\n<div class=\"et_pb_column_5 et_pb_column et_pb_column_2_5 et-last-child et_block_column et_pb_css_mix_blend_mode_passthrough\">\n<div class=\"et_pb_image_1 et_pb_image et_pb_module et_block_module\"><span class=\"et_pb_image_wrap\"><img decoding=\"async\" src=\"https:\/\/feyn.berlin\/wp-content\/uploads\/2025\/05\/feyn_bean2barschokoladen_Standort_Charitestr5.jpg\" title=\"feyn, organic bean-to-bar chocolate manufactory in Berlin Mitte\" alt=\"feyn, organic bean-to-bar chocolate manufactory at Charit\u00e9stra\u00dfe 5 in the heart of Berlin, between the Bundestag and Charit\u00e9\" \/><\/span><\/div>\n\n<div class=\"et_pb_text_2 et_pb_text et_pb_bg_layout_light et_pb_module et_block_module manufaktur-box preset--module--divi-text--6a0446d06e671\"><div class=\"et_pb_text_inner\" data-et-mv-hidden-tablet=\"true\" data-et-mv-hidden-phone=\"true\"><p>.<\/p>\n<table border=\"0\" style=\"width: 100%; border-collapse: collapse; border-style: none; margin-bottom: 20px;\">\n<tbody>\n<tr>\n<td style=\"width: 15%; vertical-align: top; padding-top: 10px;\"><img loading=\"lazy\" decoding=\"async\" src=\"https:\/\/feyn.berlin\/wp-content\/uploads\/2025\/05\/location.svg\" width=\"25\" height=\"41\" alt=\"Location\" class=\"wp-image-752 alignnone size-medium\" title=\"\"><\/td>\n<td style=\"width: 85%; vertical-align: top;\">\n<p style=\"line-height: 1.6; margin: 0; font-family: inherit;\">Our manufactory is located in Berlin-Mitte \u2013 a five-minute walk from the <strong>Bundestag<\/strong>:<br \/>Charit\u00e9stra\u00dfe 5, 10117 Berlin.<br \/>For direct purchases, we kindly ask for prior telephone arrangement (at 030 2576 2212) so that we can take the time to assist you.<\/p>\n<\/td>\n<\/tr>\n<\/tbody>\n<\/table>\n<p>&nbsp;<\/p>\n<\/div><\/div>\n<\/div>\n<\/div>\n<\/div>","protected":false},"excerpt":{"rendered":"","protected":false},"author":1,"featured_media":0,"parent":0,"menu_order":0,"comment_status":"closed","ping_status":"closed","template":"","meta":{"_acf_changed":false,"footnotes":""},"class_list":["post-2522","page","type-page","status-publish","hentry"],"acf":[],"_links":{"self":[{"href":"https:\/\/feyn.berlin\/en\/wp-json\/wp\/v2\/pages\/2522","targetHints":{"allow":["GET"]}}],"collection":[{"href":"https:\/\/feyn.berlin\/en\/wp-json\/wp\/v2\/pages"}],"about":[{"href":"https:\/\/feyn.berlin\/en\/wp-json\/wp\/v2\/types\/page"}],"author":[{"embeddable":true,"href":"https:\/\/feyn.berlin\/en\/wp-json\/wp\/v2\/users\/1"}],"replies":[{"embeddable":true,"href":"https:\/\/feyn.berlin\/en\/wp-json\/wp\/v2\/comments?post=2522"}],"version-history":[{"count":1,"href":"https:\/\/feyn.berlin\/en\/wp-json\/wp\/v2\/pages\/2522\/revisions"}],"predecessor-version":[{"id":2523,"href":"https:\/\/feyn.berlin\/en\/wp-json\/wp\/v2\/pages\/2522\/revisions\/2523"}],"wp:attachment":[{"href":"https:\/\/feyn.berlin\/en\/wp-json\/wp\/v2\/media?parent=2522"}],"curies":[{"name":"wp","href":"https:\/\/api.w.org\/{rel}","templated":true}]}}